{"id":749,"date":"2023-10-22T15:27:51","date_gmt":"2023-10-22T15:27:51","guid":{"rendered":"https:\/\/onsdroomhuys.nl\/?page_id=749"},"modified":"2023-10-22T15:37:13","modified_gmt":"2023-10-22T15:37:13","slug":"over-ons","status":"publish","type":"page","link":"https:\/\/onsdroomhuys.nl\/index.php\/over-ons\/","title":{"rendered":"Over ons"},"content":{"rendered":"\n<style type=\"text\/css\" data-created_by=\"avia_inline_auto\" id=\"style-css-av-2htlp-6c7c5ea2acc8359d03da608388503e5f\">\n.flex_column.av-2htlp-6c7c5ea2acc8359d03da608388503e5f{\nborder-radius:0px 0px 0px 0px;\npadding:0px 0px 0px 0px;\n}\n<\/style>\n<div  class='flex_column av-2htlp-6c7c5ea2acc8359d03da608388503e5f av_three_fifth  avia-builder-el-0  el_before_av_two_fifth  avia-builder-el-first  first flex_column_div av-animated-generic pop-up av-zero-column-padding  '     ><p>\n<style type=\"text\/css\" data-created_by=\"avia_inline_auto\" id=\"style-css-av-nboz1-a378f1605d0958fce74c0720a0548698\">\n#top .av-special-heading.av-nboz1-a378f1605d0958fce74c0720a0548698{\nmargin:0 0 0 0;\npadding-bottom:20px;\nfont-size:45px;\n}\nbody .av-special-heading.av-nboz1-a378f1605d0958fce74c0720a0548698 .av-special-heading-tag .heading-char{\nfont-size:25px;\n}\n#top #wrap_all .av-special-heading.av-nboz1-a378f1605d0958fce74c0720a0548698 .av-special-heading-tag{\nfont-size:45px;\n}\n.av-special-heading.av-nboz1-a378f1605d0958fce74c0720a0548698 .av-subheading{\nfont-size:23px;\n}\n\n@media only screen and (min-width: 480px) and (max-width: 767px){ \n#top #wrap_all .av-special-heading.av-nboz1-a378f1605d0958fce74c0720a0548698 .av-special-heading-tag{\nfont-size:0.8em;\n}\n}\n\n@media only screen and (max-width: 479px){ \n#top #wrap_all .av-special-heading.av-nboz1-a378f1605d0958fce74c0720a0548698 .av-special-heading-tag{\nfont-size:0.8em;\n}\n}\n<\/style>\n<div  class='av-special-heading av-nboz1-a378f1605d0958fce74c0720a0548698 av-special-heading-h3 blockquote modern-quote  avia-builder-el-1  el_before_av_textblock  avia-builder-el-first  av-inherit-size av-linked-heading'><h3 class='av-special-heading-tag'  itemprop=\"headline\"  >Initiatiefnemers<\/h3><div class=\"special-heading-border\"><div class=\"special-heading-inner-border\"><\/div><\/div><\/div><br \/>\n\n<style type=\"text\/css\" data-created_by=\"avia_inline_auto\" id=\"style-css-av-1ebj9-5703079eafdd61c4dd55a21b20f5e556\">\n#top .av_textblock_section.av-1ebj9-5703079eafdd61c4dd55a21b20f5e556 .avia_textblock{\nfont-size:23px;\n}\n<\/style>\n<section  class='av_textblock_section av-1ebj9-5703079eafdd61c4dd55a21b20f5e556 '   itemscope=\"itemscope\" itemtype=\"https:\/\/schema.org\/CreativeWork\" ><div class='avia_textblock'  itemprop=\"text\" ><p><span style=\"font-weight: 400;\">De initiatiefnemers van het project zijn ouders van een kind met het syndroom van Down uit de regio Harderwijk en Ermelo. Danny en Janet Lambert zijn de ouders van Bjorn, Jack en Claudia van Strien zijn de ouders van Eline en Joep en Judith Wiekard zijn de ouders van Lotte. Het idee voor het wooninitiatief \u2018Ons Droomhuys\u2019 is ontstaan in het voorjaar van 2022. Momenteel wonen Bjorn, Eline en Lotte nog thuis, maar op termijn zoeken de ouders voor hen een eigen woonplek. Een eigen woonplek die zoveel mogelijk aansluit bij thuis, qua aandacht, gezelligheid, liefde en veiligheid. Natuurlijk is het moeilijk om de zorg van de kinderen uit handen te geven. Daarom vraagt de zoektocht naar een fijn huis de nodige aandacht en tijd. In de loop van het project wordt de groep uitgebreid met ouders van toekomstige bewoners.\u00a0<\/span><\/p>\n<p><span style=\"font-weight: 400;\">Wij hebben in 2023 een vereniging opgericht ten behoeve van het besturen van het wooninitiatief. De vereniging heeft als voornaamste doel de continu\u00efteit van het wooninitiatief te kunnen waarborgen. Iedere bewoner heeft \u00e9\u00e9n wettelijk vertegenwoordiger in de vereniging. Wij verwachten dat deze vertegenwoordiger(s) een actieve rol spelen in het wooninitiatief. Voorbeelden van inzet kunnen zijn: verrichten van hand- en spandiensten in het wooninitiatief en organiseren van gemeenschappelijke activiteiten.<\/span><\/p>\n<p><span style=\"font-weight: 400;\">Op dit moment wordt er achter de schermen hard gewerkt aan het realiseren van Ons Droomhuys. Het belangrijkste voor dit moment is het vinden van een geschikte locatie en het regelen van de financiering van het vastgoed.\u00a0<\/span><\/p>\n<\/div><\/section><br \/>\n\n<style type=\"text\/css\" data-created_by=\"avia_inline_auto\" id=\"style-css-av-b712d-8479217018996acb05c2d10507698c30\">\n#top .hr.hr-invisible.av-b712d-8479217018996acb05c2d10507698c30{\nheight:50px;\n}\n<\/style>\n<div  class='hr av-b712d-8479217018996acb05c2d10507698c30 hr-invisible  avia-builder-el-3  el_after_av_textblock  avia-builder-el-last '><span class='hr-inner '><span class=\"hr-inner-style\"><\/span><\/span><\/div><\/p><\/div>\n\n<style type=\"text\/css\" data-created_by=\"avia_inline_auto\" id=\"style-css-av-ltxsd-ddf9d59e89f91c5f34d453e6b958b679\">\n.flex_column.av-ltxsd-ddf9d59e89f91c5f34d453e6b958b679{\nborder-radius:0px 0px 0px 0px;\npadding:0px 0px 0px 0px;\n}\n<\/style>\n<div  class='flex_column av-ltxsd-ddf9d59e89f91c5f34d453e6b958b679 av_two_fifth  avia-builder-el-4  el_after_av_three_fifth  avia-builder-el-last  flex_column_div av-animated-generic pop-up av-zero-column-padding  '     ><p>\n<style type=\"text\/css\" data-created_by=\"avia_inline_auto\" id=\"style-css-av-hmg31-51b208e3b169f685dc386538feccb463\">\n.avia-image-container.av-hmg31-51b208e3b169f685dc386538feccb463 img.avia_image{\nbox-shadow:none;\n}\n.avia-image-container.av-hmg31-51b208e3b169f685dc386538feccb463 .av-image-caption-overlay-center{\ncolor:#ffffff;\n}\n<\/style>\n<div  class='avia-image-container av-hmg31-51b208e3b169f685dc386538feccb463 av-styling- avia-align-center  avia-builder-el-5  el_before_av_button  avia-builder-el-first '   itemprop=\"image\" itemscope=\"itemscope\" itemtype=\"https:\/\/schema.org\/ImageObject\" ><div class=\"avia-image-container-inner\"><div class=\"avia-image-overlay-wrap\"><img decoding=\"async\" class='wp-image-684 avia-img-lazy-loading-not-684 avia_image ' src=\"https:\/\/onsdroomhuys.nl\/wp-content\/uploads\/2023\/10\/projectteam.jpg\" alt='' title='projectteam'  height=\"205\" width=\"607\"  itemprop=\"thumbnailUrl\" srcset=\"https:\/\/onsdroomhuys.nl\/wp-content\/uploads\/2023\/10\/projectteam.jpg 607w, https:\/\/onsdroomhuys.nl\/wp-content\/uploads\/2023\/10\/projectteam-300x101.jpg 300w\" sizes=\"(max-width: 607px) 100vw, 607px\" \/><\/div><\/div><\/div><br \/>\n<div  class='avia-button-wrap av-821xp-d77f728e25a3857a483af837c8e85db0-wrap avia-button-left  avia-builder-el-6  el_after_av_image  avia-builder-el-last '>\n<style type=\"text\/css\" data-created_by=\"avia_inline_auto\" id=\"style-css-av-821xp-d77f728e25a3857a483af837c8e85db0\">\n#top #wrap_all .avia-button.av-821xp-d77f728e25a3857a483af837c8e85db0:hover{\ncolor:white;\ntransition:all 0.4s ease-in-out;\n}\n<\/style>\n<a href='https:\/\/onsdroomhuys.nl\/index.php\/contact\/'  class='avia-button av-821xp-d77f728e25a3857a483af837c8e85db0 avia-icon_select-no avia-size-large avia-position-left avia-color-theme-color avia-font-color-theme-color'  target=\"_blank\"  rel=\"noopener noreferrer\" ><span class='avia_iconbox_title' >NEEM CONTACT OP<\/span><span class='avia_button_background avia-button avia-color-theme-color-highlight' ><\/span><\/a><\/div><\/p><\/div>\n","protected":false},"excerpt":{"rendered":"","protected":false},"author":1,"featured_media":0,"parent":0,"menu_order":0,"comment_status":"closed","ping_status":"closed","template":"","meta":{"footnotes":""},"class_list":["post-749","page","type-page","status-publish","hentry"],"_links":{"self":[{"href":"https:\/\/onsdroomhuys.nl\/index.php\/wp-json\/wp\/v2\/pages\/749","targetHints":{"allow":["GET"]}}],"collection":[{"href":"https:\/\/onsdroomhuys.nl\/index.php\/wp-json\/wp\/v2\/pages"}],"about":[{"href":"https:\/\/onsdroomhuys.nl\/index.php\/wp-json\/wp\/v2\/types\/page"}],"author":[{"embeddable":true,"href":"https:\/\/onsdroomhuys.nl\/index.php\/wp-json\/wp\/v2\/users\/1"}],"replies":[{"embeddable":true,"href":"https:\/\/onsdroomhuys.nl\/index.php\/wp-json\/wp\/v2\/comments?post=749"}],"version-history":[{"count":5,"href":"https:\/\/onsdroomhuys.nl\/index.php\/wp-json\/wp\/v2\/pages\/749\/revisions"}],"predecessor-version":[{"id":757,"href":"https:\/\/onsdroomhuys.nl\/index.php\/wp-json\/wp\/v2\/pages\/749\/revisions\/757"}],"wp:attachment":[{"href":"https:\/\/onsdroomhuys.nl\/index.php\/wp-json\/wp\/v2\/media?parent=749"}],"curies":[{"name":"wp","href":"https:\/\/api.w.org\/{rel}","templated":true}]}}